{"id":21,"date":"2017-06-09T00:13:09","date_gmt":"2017-06-09T03:13:09","guid":{"rendered":"http:\/\/qualixradiologia.com.br\/?page_id=21"},"modified":"2017-06-09T00:13:09","modified_gmt":"2017-06-09T03:13:09","slug":"como-me-cadastro","status":"publish","type":"page","link":"https:\/\/www.qualixradiologia.com.br\/antigo\/como-me-cadastro\/","title":{"rendered":"Como me Cadastro"},"content":{"rendered":"<h3>Bem Vindo ao Portal de exames e laudos da Qualix Radiologia Cr\u00e2niofacial.<\/h3>\n<p>Para obter acesso aos laudos de exames, entre em contato com a nossa equipe, atrav\u00e9s do telefone (96) 3222-0958 \/ (96) 99164-5124, e solicite o cadastro de usu\u00e1rio e senha.<\/p>\n<p>A Qualix Radiologia Cr\u00e2niofacial, agradece o contato e a confian\u00e7a.<\/p>\n","protected":false},"excerpt":{"rendered":"<p>Bem Vindo ao Portal de exames e laudos da Qualix Radiologia Cr\u00e2niofacial. Para obter acesso aos laudos de exames, entre em contato com a nossa equipe, atrav\u00e9s do telefone (96) 3222-0958 \/ (96) 99164-5124, e solicite o cadastro de usu\u00e1rio e senha. A Qualix Radiologia Cr\u00e2niofacial, agradece o contato e a confian\u00e7a.<\/p>\n","protected":false},"author":1,"featured_media":0,"parent":0,"menu_order":0,"comment_status":"closed","ping_status":"closed","template":"","meta":{"footnotes":""},"class_list":["post-21","page","type-page","status-publish","hentry"],"_links":{"self":[{"href":"https:\/\/www.qualixradiologia.com.br\/antigo\/wp-json\/wp\/v2\/pages\/21","targetHints":{"allow":["GET"]}}],"collection":[{"href":"https:\/\/www.qualixradiologia.com.br\/antigo\/wp-json\/wp\/v2\/pages"}],"about":[{"href":"https:\/\/www.qualixradiologia.com.br\/antigo\/wp-json\/wp\/v2\/types\/page"}],"author":[{"embeddable":true,"href":"https:\/\/www.qualixradiologia.com.br\/antigo\/wp-json\/wp\/v2\/users\/1"}],"replies":[{"embeddable":true,"href":"https:\/\/www.qualixradiologia.com.br\/antigo\/wp-json\/wp\/v2\/comments?post=21"}],"version-history":[{"count":0,"href":"https:\/\/www.qualixradiologia.com.br\/antigo\/wp-json\/wp\/v2\/pages\/21\/revisions"}],"wp:attachment":[{"href":"https:\/\/www.qualixradiologia.com.br\/antigo\/wp-json\/wp\/v2\/media?parent=21"}],"curies":[{"name":"wp","href":"https:\/\/api.w.org\/{rel}","templated":true}]}}